{"id":1070,"date":"2017-12-06T11:35:31","date_gmt":"2017-12-06T11:35:31","guid":{"rendered":"https:\/\/sorescolab.com\/about-us\/"},"modified":"2026-01-24T12:50:25","modified_gmt":"2026-01-24T12:50:25","slug":"notre-mission","status":"publish","type":"page","link":"https:\/\/sorescolab.com\/en\/notre-mission\/","title":{"rendered":"Notre mission"},"content":{"rendered":"<div class=\"wpb-content-wrapper\"><div id=\"about\" class=\"vc_row wpb_row vc_row-fluid vc_custom_1579008966192\"><div class=\"wpb_column vc_column_container vc_col-sm-12\"><div class=\"vc_column-inner\"><div class=\"wpb_wrapper\"><div class=\"vc_row wpb_row vc_inner vc_row-fluid vc_row-o-content-middle vc_row-flex\"><div class=\"wpb_column vc_column_container vc_col-sm-12 vc_col-lg-offset-2 vc_col-lg-8 vc_col-md-offset-1 vc_col-md-10 vc_col-sm-offset-0\"><div class=\"vc_column-inner vc_custom_1579197016842\"><div class=\"wpb_wrapper\"><div id=\"ultimate-heading-951769d5500ae4a76\" class=\"uvc-heading ult-adjust-bottom-margin ultimate-heading-951769d5500ae4a76 uvc-4706 accent-border-color accent-title-color\" data-hspacer=\"line_only\"  data-halign=\"center\" style=\"text-align:center\"><div class=\"uvc-main-heading ult-responsive\"  data-ultimate-target='.uvc-heading.ultimate-heading-951769d5500ae4a76 h2'  data-responsive-json-new='{\"font-size\":\"desktop:40px;mobile_landscape:30px;\",\"line-height\":\"desktop:50px;mobile_landscape:40px;\"}' ><h2 style=\"font-weight:normal;margin-bottom:15px;\">L\u2019Oxyg\u00e8ne au Service de Votre Sant\u00e9<\/h2><\/div><div class=\"uvc-heading-spacer line_only\" style=\"topheight:3px;\"><span class=\"uvc-headings-line\" style=\"border-style:solid;border-bottom-width:3px;border-color:;width:150px;\"><\/span><\/div><\/div><\/div><\/div><\/div><div class=\"wpb_column vc_column_container vc_col-sm-12 vc_col-lg-6 vc_col-md-6\"><div class=\"vc_column-inner vc_custom_1509566445127\"><div class=\"wpb_wrapper\"><div id=\"ultimate-heading-856569d5500ae4b7d\" class=\"uvc-heading ult-adjust-bottom-margin ultimate-heading-856569d5500ae4b7d uvc-157\" data-hspacer=\"no_spacer\"  data-halign=\"left\" style=\"text-align:left\"><div class=\"uvc-heading-spacer no_spacer\" style=\"top\"><\/div><div class=\"uvc-main-heading ult-responsive\"  data-ultimate-target='.uvc-heading.ultimate-heading-856569d5500ae4b7d h2'  data-responsive-json-new='{\"font-size\":\"desktop:24px;\",\"line-height\":\"desktop:34px;\"}' ><h2 style=\"font-weight:normal;margin-bottom:20px;\">Nous sommes SORESCO<\/h2><\/div><div class=\"uvc-sub-heading ult-responsive\"  data-ultimate-target='.uvc-heading.ultimate-heading-856569d5500ae4b7d .uvc-sub-heading '  data-responsive-json-new='{\"font-size\":\"\",\"line-height\":\"desktop:26px;\"}'  style=\"font-weight:normal;margin-bottom:30px;\">SORESCO est sp\u00e9cialis\u00e9 dans le d\u00e9veloppement et la distribution d\u2019huiles <span style=\"font-weight: 400;\">d\u2019olive<\/span> hyperoxyg\u00e9n\u00e9es de haute qualit\u00e9, con\u00e7ues pour soutenir la r\u00e9g\u00e9n\u00e9ration cellulaire, prot\u00e9ger la peau et contribuer au bien-\u00eatre g\u00e9n\u00e9ral. Gr\u00e2ce \u00e0 un proc\u00e9d\u00e9 avanc\u00e9 d\u2019encapsulation de l\u2019oxyg\u00e8ne, nos formules offrent une meilleure p\u00e9n\u00e9tration cutan\u00e9e et une efficacit\u00e9 renforc\u00e9e, tout en respectant les exigences des professionnels de la sant\u00e9 et du bien-\u00eatre. En collaboration avec des laboratoires et des partenaires de confiance, nous proposons des solutions innovantes, naturelles et scientifiquement \u00e9tudi\u00e9es pour les cliniques, instituts et particuliers exigeants.<\/div><\/div><\/div><\/div><\/div><div class=\"wpb_column vc_column_container vc_col-sm-12 vc_col-lg-6 vc_col-md-6\"><div class=\"vc_column-inner vc_custom_1509566455479\"><div class=\"wpb_wrapper\"><style type=\"text\/css\" data-type=\"the7_shortcodes-inline-css\">.shortcode-single-image-wrap.shortcode-single-image-1d06ddce8d4312f0a124f884e37b4d0a.enable-bg-rollover .rollover i,\n.shortcode-single-image-wrap.shortcode-single-image-1d06ddce8d4312f0a124f884e37b4d0a.enable-bg-rollover .rollover-video i {\n  background: -webkit-linear-gradient();\n  background: linear-gradient();\n}\n.shortcode-single-image-wrap.shortcode-single-image-1d06ddce8d4312f0a124f884e37b4d0a .rollover-icon {\n  font-size: 32px;\n  color: #ffffff;\n  min-width: 44px;\n  min-height: 44px;\n  line-height: 44px;\n  border-radius: 100px;\n  border-style: solid;\n  border-width: 0px;\n}\n.dt-icon-bg-on.shortcode-single-image-wrap.shortcode-single-image-1d06ddce8d4312f0a124f884e37b4d0a .rollover-icon {\n  background: rgba(255,255,255,0.3);\n  box-shadow: none;\n}<\/style><div class=\"shortcode-single-image-wrap shortcode-single-image-1d06ddce8d4312f0a124f884e37b4d0a alignnone  enable-bg-rollover dt-icon-bg-off\" style=\"margin-top:0px; margin-bottom:0px; margin-left:0px; margin-right:0px; width:1000px;\"><div class=\"shortcode-single-image\"><div class=\"fancy-media-wrap  layzr-bg\" style=\"\"><img fetchpriority=\"high\" decoding=\"async\" class=\"preload-me lazy-load aspect\" src=\"data:image\/svg+xml,%3Csvg%20xmlns%3D&#39;http%3A%2F%2Fwww.w3.org%2F2000%2Fsvg&#39;%20viewBox%3D&#39;0%200%201000%20700&#39;%2F%3E\" data-src=\"https:\/\/sorescolab.com\/wp-content\/uploads\/2025\/11\/laboratoire-imaage-1000x700.png\" data-srcset=\"https:\/\/sorescolab.com\/wp-content\/uploads\/2025\/11\/laboratoire-imaage-1000x700.png 1000w, https:\/\/sorescolab.com\/wp-content\/uploads\/2025\/11\/laboratoire-imaage-1024x716.png 1024w\" loading=\"eager\" sizes=\"(max-width: 1000px) 100vw, 1000px\" width=\"1000\" height=\"700\"  data-dt-location=\"https:\/\/sorescolab.com\/en\/notre-mission\/laboratoire-imaage\/\" style=\"--ratio: 1000 \/ 700;\" alt=\"\" \/><\/div><\/div><\/div><\/div><\/div><\/div><\/div><\/div><\/div><\/div><\/div><div data-vc-full-width=\"true\" data-vc-full-width-temp=\"true\" data-vc-full-width-init=\"false\" class=\"vc_row wpb_row vc_row-fluid vc_custom_1579197340877 vc_row-has-fill vc_row-o-content-middle vc_row-flex\"><div class=\"wpb_column vc_column_container vc_col-sm-6 vc_col-lg-offset-0 vc_col-lg-4 vc_col-md-offset-0 vc_col-md-4 vc_col-sm-offset-3 vc_col-xs-offset-2 vc_col-xs-8\"><div class=\"vc_column-inner vc_custom_1579197310324\"><div class=\"wpb_wrapper\"><style type=\"text\/css\" data-type=\"the7_shortcodes-inline-css\">.shortcode-single-image-wrap.shortcode-single-image-c7556c0322462cc97f1c913e5b3a50e2.enable-bg-rollover .rollover i,\n.shortcode-single-image-wrap.shortcode-single-image-c7556c0322462cc97f1c913e5b3a50e2.enable-bg-rollover .rollover-video i {\n  background: -webkit-linear-gradient();\n  background: linear-gradient();\n}\n.shortcode-single-image-wrap.shortcode-single-image-c7556c0322462cc97f1c913e5b3a50e2 .rollover-icon {\n  font-size: 32px;\n  color: #ffffff;\n  min-width: 44px;\n  min-height: 44px;\n  line-height: 44px;\n  border-radius: 100px;\n  border-style: solid;\n  border-width: 0px;\n}\n.dt-icon-bg-on.shortcode-single-image-wrap.shortcode-single-image-c7556c0322462cc97f1c913e5b3a50e2 .rollover-icon {\n  background: rgba(255,255,255,0.3);\n  box-shadow: none;\n}<\/style><div class=\"shortcode-single-image-wrap shortcode-single-image-c7556c0322462cc97f1c913e5b3a50e2 alignnone  enable-bg-rollover dt-icon-bg-off\" style=\"margin-top:0px; margin-bottom:0px; margin-left:0px; margin-right:0px; width:700px;\"><div class=\"shortcode-single-image\"><div class=\"fancy-media-wrap  layzr-bg\" style=\"\"><img decoding=\"async\" class=\"preload-me lazy-load aspect\" src=\"data:image\/svg+xml,%3Csvg%20xmlns%3D&#39;http%3A%2F%2Fwww.w3.org%2F2000%2Fsvg&#39;%20viewBox%3D&#39;0%200%20700%201050&#39;%2F%3E\" data-src=\"https:\/\/sorescolab.com\/wp-content\/uploads\/2025\/11\/d510d252-36c9-47cf-b798-ba353a811857-700x1050.png\" data-srcset=\"https:\/\/sorescolab.com\/wp-content\/uploads\/2025\/11\/d510d252-36c9-47cf-b798-ba353a811857-700x1050.png 700w, https:\/\/sorescolab.com\/wp-content\/uploads\/2025\/11\/d510d252-36c9-47cf-b798-ba353a811857.png 1024w\" loading=\"eager\" sizes=\"(max-width: 700px) 100vw, 700px\" width=\"700\" height=\"1050\"  data-dt-location=\"https:\/\/sorescolab.com\/en\/notre-mission\/d510d252-36c9-47cf-b798-ba353a811857\/\" style=\"--ratio: 700 \/ 1050;\" alt=\"\" \/><\/div><\/div><\/div><\/div><\/div><\/div><div class=\"wpb_column vc_column_container vc_col-sm-12 vc_col-lg-offset-0 vc_col-lg-8 vc_col-md-offset-0 vc_col-md-8 vc_col-sm-offset-0\"><div class=\"vc_column-inner vc_custom_1579197316245\"><div class=\"wpb_wrapper\"><div id=\"ultimate-heading-13769d5500ae6c14\" class=\"uvc-heading ult-adjust-bottom-margin ultimate-heading-13769d5500ae6c14 uvc-18 accent-title-color\" data-hspacer=\"no_spacer\"  data-halign=\"left\" style=\"text-align:left\"><div class=\"uvc-heading-spacer no_spacer\" style=\"top\"><\/div><div class=\"uvc-main-heading ult-responsive\"  data-ultimate-target='.uvc-heading.ultimate-heading-13769d5500ae6c14 h2'  data-responsive-json-new='{\"font-size\":\"desktop:30px;\",\"line-height\":\"desktop:40px;\"}' ><h2 style=\"font-weight:normal;margin-bottom:20px;\">Fondateur de SORESCO<\/h2><\/div><div class=\"uvc-sub-heading ult-responsive\"  data-ultimate-target='.uvc-heading.ultimate-heading-13769d5500ae6c14 .uvc-sub-heading '  data-responsive-json-new='{\"font-size\":\"desktop:20px;\",\"line-height\":\"desktop:32px;\"}'  style=\"font-style:italic;font-weight:normal;color:#ffffff;margin-bottom:20px;\"><\/p>\n<p data-start=\"243\" data-end=\"557\">\u00ab Chez SORESCO, nous croyons en la puissance de l\u2019oxyg\u00e8ne pour am\u00e9liorer la sant\u00e9 de la peau et soutenir les processus naturels de r\u00e9g\u00e9n\u00e9ration. Notre mission est d\u2019offrir des solutions hyperoxyg\u00e9n\u00e9es fiables, efficaces et scientifiquement \u00e9tudi\u00e9es, accessibles aussi bien aux professionnels qu\u2019aux particuliers. \u00bb<\/p>\n<p data-start=\"559\" data-end=\"799\">\u00ab Chaque produit que nous d\u00e9veloppons refl\u00e8te notre engagement envers la qualit\u00e9, la transparence et l\u2019innovation. Nous travaillons chaque jour \u00e0 proposer des formules s\u00fbres, performantes et adapt\u00e9es aux besoins r\u00e9els de nos utilisateurs. \u00bb<\/p>\n<p><\/div><\/div><div id=\"ultimate-heading-657569d5500ae6c48\" class=\"uvc-heading ult-adjust-bottom-margin ultimate-heading-657569d5500ae6c48 uvc-2419 accent-subtitle-color\" data-hspacer=\"no_spacer\"  data-halign=\"left\" style=\"text-align:left\"><div class=\"uvc-heading-spacer no_spacer\" style=\"top\"><\/div><div class=\"uvc-main-heading ult-responsive\"  data-ultimate-target='.uvc-heading.ultimate-heading-657569d5500ae6c48 h2'  data-responsive-json-new='{\"font-size\":\"desktop:24px;\",\"line-height\":\"desktop:34px;\"}' ><h2 style=\"font-weight:normal;color:#ffffff;\">Sofiane Charfi<\/h2><\/div><\/div><\/div><\/div><\/div><\/div><div class=\"vc_row-full-width vc_clearfix\"><\/div>\n<\/div>","protected":false},"excerpt":{"rendered":"<p>L\u2019Oxyg\u00e8ne au Service de Votre Sant\u00e9Nous sommes SORESCOSORESCO est sp\u00e9cialis\u00e9 dans le d\u00e9veloppement et la distribution d\u2019huiles d\u2019olive hyperoxyg\u00e9n\u00e9es de haute qualit\u00e9, con\u00e7ues pour soutenir la r\u00e9g\u00e9n\u00e9ration cellulaire, prot\u00e9ger la peau et contribuer au bien-\u00eatre g\u00e9n\u00e9ral. Gr\u00e2ce \u00e0 un proc\u00e9d\u00e9 avanc\u00e9 d\u2019encapsulation de l\u2019oxyg\u00e8ne, nos formules offrent une meilleure p\u00e9n\u00e9tration cutan\u00e9e et une efficacit\u00e9 renforc\u00e9e,&hellip;<\/p>","protected":false},"author":1,"featured_media":0,"parent":0,"menu_order":20,"comment_status":"closed","ping_status":"closed","template":"","meta":{"footnotes":""},"class_list":["post-1070","page","type-page","status-publish","hentry","description-off"],"jetpack_sharing_enabled":true,"_links":{"self":[{"href":"https:\/\/sorescolab.com\/en\/wp-json\/wp\/v2\/pages\/1070","targetHints":{"allow":["GET"]}}],"collection":[{"href":"https:\/\/sorescolab.com\/en\/wp-json\/wp\/v2\/pages"}],"about":[{"href":"https:\/\/sorescolab.com\/en\/wp-json\/wp\/v2\/types\/page"}],"author":[{"embeddable":true,"href":"https:\/\/sorescolab.com\/en\/wp-json\/wp\/v2\/users\/1"}],"replies":[{"embeddable":true,"href":"https:\/\/sorescolab.com\/en\/wp-json\/wp\/v2\/comments?post=1070"}],"version-history":[{"count":15,"href":"https:\/\/sorescolab.com\/en\/wp-json\/wp\/v2\/pages\/1070\/revisions"}],"predecessor-version":[{"id":2383,"href":"https:\/\/sorescolab.com\/en\/wp-json\/wp\/v2\/pages\/1070\/revisions\/2383"}],"wp:attachment":[{"href":"https:\/\/sorescolab.com\/en\/wp-json\/wp\/v2\/media?parent=1070"}],"curies":[{"name":"wp","href":"https:\/\/api.w.org\/{rel}","templated":true}]}}