{"id":1080,"date":"2017-12-06T11:42:00","date_gmt":"2017-12-06T11:42:00","guid":{"rendered":"https:\/\/sorescolab.com\/contact\/"},"modified":"2026-02-16T16:54:55","modified_gmt":"2026-02-16T16:54:55","slug":"contact","status":"publish","type":"page","link":"https:\/\/sorescolab.com\/en\/contact\/","title":{"rendered":"Contact"},"content":{"rendered":"<div class=\"wpb-content-wrapper\"><div class=\"vc_row wpb_row vc_row-fluid vc_custom_1579256061863 vc_row-o-content-top vc_row-flex\"><div class=\"wpb_column vc_column_container vc_col-sm-6 vc_col-lg-4 vc_col-md-4\"><div class=\"vc_column-inner\"><div class=\"wpb_wrapper\"><style type=\"text\/css\" data-type=\"the7_shortcodes-inline-css\">.icon-with-text-shortcode.icon-text-id-9ba0fc921178611093a9ffafad160970 .text-icon {\n  width: 32px;\n  height: 32px;\n  line-height: 32px;\n  font-size: 32px;\n  border-radius: 0px;\n  margin: 0px 10px 10px 0px;\n}\n.icon-with-text-shortcode.icon-text-id-9ba0fc921178611093a9ffafad160970 .text-icon .icon-inner {\n  min-width: 32px;\n  min-height: 32px;\n  border-radius: 0px;\n}\n@media all and (-ms-high-contrast: none) {\n  .icon-with-text-shortcode.icon-text-id-9ba0fc921178611093a9ffafad160970 .text-icon .icon-inner {\n    height: 32px;\n  }\n}\n.icon-with-text-shortcode.icon-text-id-9ba0fc921178611093a9ffafad160970 .text-icon .dt-hover-icon {\n  line-height: 32px;\n}\n.icon-with-text-shortcode.icon-text-id-9ba0fc921178611093a9ffafad160970 .text-icon:before,\n.icon-with-text-shortcode.icon-text-id-9ba0fc921178611093a9ffafad160970 .text-icon:after,\n.icon-with-text-shortcode.icon-text-id-9ba0fc921178611093a9ffafad160970 .text-icon .icon-inner:before,\n.icon-with-text-shortcode.icon-text-id-9ba0fc921178611093a9ffafad160970 .text-icon .icon-inner:after {\n  min-width: 100%;\n  min-height: 100%;\n  padding: inherit;\n  border-radius: inherit;\n}\n.icon-with-text-shortcode.icon-text-id-9ba0fc921178611093a9ffafad160970 .text-icon.dt-icon-border-on:before {\n  border-width: 0px;\n  border-style: solid;\n}\n.dt-icon-border-dashed.icon-with-text-shortcode.icon-text-id-9ba0fc921178611093a9ffafad160970 .text-icon.dt-icon-border-on:before {\n  border-style: dashed;\n}\n.dt-icon-border-dotted.icon-with-text-shortcode.icon-text-id-9ba0fc921178611093a9ffafad160970 .text-icon.dt-icon-border-on:before {\n  border-style: dotted;\n}\n.dt-icon-border-double.icon-with-text-shortcode.icon-text-id-9ba0fc921178611093a9ffafad160970 .text-icon.dt-icon-border-on:before {\n  border-style: double;\n}\n.icon-with-text-shortcode.icon-text-id-9ba0fc921178611093a9ffafad160970 .text-icon.dt-icon-border-dashed.dt-icon-border-on:before {\n  border-style: dashed;\n}\n.icon-with-text-shortcode.icon-text-id-9ba0fc921178611093a9ffafad160970 .text-icon.dt-icon-border-dotted.dt-icon-border-on:before {\n  border-style: dotted;\n}\n.icon-with-text-shortcode.icon-text-id-9ba0fc921178611093a9ffafad160970 .text-icon.dt-icon-border-double.dt-icon-border-on:before {\n  border-style: double;\n}\n.icon-with-text-shortcode.icon-text-id-9ba0fc921178611093a9ffafad160970 .text-icon.dt-icon-hover-border-on:after {\n  border-width: 0px;\n  border-style: solid;\n}\n.icon-with-text-shortcode.icon-text-id-9ba0fc921178611093a9ffafad160970 .text-icon.dt-icon-border-dashed.dt-icon-hover-border-on:after {\n  border-style: dashed;\n}\n.icon-with-text-shortcode.icon-text-id-9ba0fc921178611093a9ffafad160970 .text-icon.dt-icon-border-dotted.dt-icon-hover-border-on:after {\n  border-style: dotted;\n}\n.icon-with-text-shortcode.icon-text-id-9ba0fc921178611093a9ffafad160970 .text-icon.dt-icon-border-double.dt-icon-hover-border-on:after {\n  border-style: double;\n}\n.icon-with-text-shortcode.icon-text-id-9ba0fc921178611093a9ffafad160970 .text-icon.dt-icon-hover-on:hover {\n  font-size: 32px;\n}\n#page .icon-with-text-shortcode.icon-text-id-9ba0fc921178611093a9ffafad160970 .text-icon.dt-icon-hover-on:hover .soc-font-icon,\n#phantom .icon-with-text-shortcode.icon-text-id-9ba0fc921178611093a9ffafad160970 .text-icon.dt-icon-hover-on:hover .soc-font-icon,\n#page .icon-with-text-shortcode.icon-text-id-9ba0fc921178611093a9ffafad160970 .text-icon.dt-icon-hover-on:hover .soc-icon,\n#phantom .icon-with-text-shortcode.icon-text-id-9ba0fc921178611093a9ffafad160970 .text-icon.dt-icon-hover-on:hover .soc-icon {\n  color: #fff;\n  background: none;\n}\n.icon-with-text-shortcode.icon-text-id-9ba0fc921178611093a9ffafad160970.layout-1 {\n  grid-template-columns: 32px minmax(0,1fr);\n  grid-column-gap: 10px;\n}\n.icon-with-text-shortcode.icon-text-id-9ba0fc921178611093a9ffafad160970.layout-2 {\n  grid-template-columns: minmax(0,1fr) 32px;\n  grid-column-gap: 0px;\n}\n.icon-with-text-shortcode.icon-text-id-9ba0fc921178611093a9ffafad160970.layout-2 .text-icon {\n  margin-left: 0;\n}\n.icon-with-text-shortcode.icon-text-id-9ba0fc921178611093a9ffafad160970.layout-3 {\n  grid-template-columns: 32px minmax(0,1fr);\n}\n.icon-with-text-shortcode.icon-text-id-9ba0fc921178611093a9ffafad160970.layout-3 .dt-text-title {\n  margin-left: 10px;\n}\n.icon-with-text-shortcode.icon-text-id-9ba0fc921178611093a9ffafad160970 .dt-text-title {\n  margin-bottom: 10px;\n}\n.icon-with-text-shortcode.icon-text-id-9ba0fc921178611093a9ffafad160970 .dt-text-desc {\n  margin-bottom: 0px;\n  font-size: 16px;\n  line-height: 28px;\n}<\/style><div class=\"icon-with-text-shortcode  icon-text-id-9ba0fc921178611093a9ffafad160970 layout-3  vc_custom_1763905605548 \" ><span   class=\"text-icon dt-icon-bg-off dt-icon-hover-off\" ><span class=\"icon-inner\"><i class=\"dt-regular-icon soc-icon icomoon-the7-font-the7-map-07\"><\/i><i class=\"dt-hover-icon soc-icon icomoon-the7-font-the7-map-07\"><\/i><\/span><\/span><h3 class=\"dt-text-title\"  >Address<\/h3><div class=\"dt-text-desc\">Sidi Rezig, M\u00e9grine 2033<br \/>\nBen Arous, Tunisie<\/div><\/div><\/div><\/div><\/div><div class=\"wpb_column vc_column_container vc_col-sm-6 vc_col-lg-4 vc_col-md-4\"><div class=\"vc_column-inner\"><div class=\"wpb_wrapper\"><style type=\"text\/css\" data-type=\"the7_shortcodes-inline-css\">.icon-with-text-shortcode.icon-text-id-4832979b4d86f2cdf2a977f9e37954ea .text-icon {\n  width: 32px;\n  height: 32px;\n  line-height: 32px;\n  font-size: 32px;\n  border-radius: 0px;\n  margin: 0px 10px 10px 0px;\n}\n.icon-with-text-shortcode.icon-text-id-4832979b4d86f2cdf2a977f9e37954ea .text-icon .icon-inner {\n  min-width: 32px;\n  min-height: 32px;\n  border-radius: 0px;\n}\n@media all and (-ms-high-contrast: none) {\n  .icon-with-text-shortcode.icon-text-id-4832979b4d86f2cdf2a977f9e37954ea .text-icon .icon-inner {\n    height: 32px;\n  }\n}\n.icon-with-text-shortcode.icon-text-id-4832979b4d86f2cdf2a977f9e37954ea .text-icon .dt-hover-icon {\n  line-height: 32px;\n}\n.icon-with-text-shortcode.icon-text-id-4832979b4d86f2cdf2a977f9e37954ea .text-icon:before,\n.icon-with-text-shortcode.icon-text-id-4832979b4d86f2cdf2a977f9e37954ea .text-icon:after,\n.icon-with-text-shortcode.icon-text-id-4832979b4d86f2cdf2a977f9e37954ea .text-icon .icon-inner:before,\n.icon-with-text-shortcode.icon-text-id-4832979b4d86f2cdf2a977f9e37954ea .text-icon .icon-inner:after {\n  min-width: 100%;\n  min-height: 100%;\n  padding: inherit;\n  border-radius: inherit;\n}\n.icon-with-text-shortcode.icon-text-id-4832979b4d86f2cdf2a977f9e37954ea .text-icon.dt-icon-border-on:before {\n  border-width: 0px;\n  border-style: solid;\n}\n.dt-icon-border-dashed.icon-with-text-shortcode.icon-text-id-4832979b4d86f2cdf2a977f9e37954ea .text-icon.dt-icon-border-on:before {\n  border-style: dashed;\n}\n.dt-icon-border-dotted.icon-with-text-shortcode.icon-text-id-4832979b4d86f2cdf2a977f9e37954ea .text-icon.dt-icon-border-on:before {\n  border-style: dotted;\n}\n.dt-icon-border-double.icon-with-text-shortcode.icon-text-id-4832979b4d86f2cdf2a977f9e37954ea .text-icon.dt-icon-border-on:before {\n  border-style: double;\n}\n.icon-with-text-shortcode.icon-text-id-4832979b4d86f2cdf2a977f9e37954ea .text-icon.dt-icon-border-dashed.dt-icon-border-on:before {\n  border-style: dashed;\n}\n.icon-with-text-shortcode.icon-text-id-4832979b4d86f2cdf2a977f9e37954ea .text-icon.dt-icon-border-dotted.dt-icon-border-on:before {\n  border-style: dotted;\n}\n.icon-with-text-shortcode.icon-text-id-4832979b4d86f2cdf2a977f9e37954ea .text-icon.dt-icon-border-double.dt-icon-border-on:before {\n  border-style: double;\n}\n.icon-with-text-shortcode.icon-text-id-4832979b4d86f2cdf2a977f9e37954ea .text-icon.dt-icon-hover-border-on:after {\n  border-width: 0px;\n  border-style: solid;\n}\n.icon-with-text-shortcode.icon-text-id-4832979b4d86f2cdf2a977f9e37954ea .text-icon.dt-icon-border-dashed.dt-icon-hover-border-on:after {\n  border-style: dashed;\n}\n.icon-with-text-shortcode.icon-text-id-4832979b4d86f2cdf2a977f9e37954ea .text-icon.dt-icon-border-dotted.dt-icon-hover-border-on:after {\n  border-style: dotted;\n}\n.icon-with-text-shortcode.icon-text-id-4832979b4d86f2cdf2a977f9e37954ea .text-icon.dt-icon-border-double.dt-icon-hover-border-on:after {\n  border-style: double;\n}\n.icon-with-text-shortcode.icon-text-id-4832979b4d86f2cdf2a977f9e37954ea .text-icon.dt-icon-hover-on:hover {\n  font-size: 32px;\n}\n#page .icon-with-text-shortcode.icon-text-id-4832979b4d86f2cdf2a977f9e37954ea .text-icon.dt-icon-hover-on:hover .soc-font-icon,\n#phantom .icon-with-text-shortcode.icon-text-id-4832979b4d86f2cdf2a977f9e37954ea .text-icon.dt-icon-hover-on:hover .soc-font-icon,\n#page .icon-with-text-shortcode.icon-text-id-4832979b4d86f2cdf2a977f9e37954ea .text-icon.dt-icon-hover-on:hover .soc-icon,\n#phantom .icon-with-text-shortcode.icon-text-id-4832979b4d86f2cdf2a977f9e37954ea .text-icon.dt-icon-hover-on:hover .soc-icon {\n  color: #fff;\n  background: none;\n}\n.icon-with-text-shortcode.icon-text-id-4832979b4d86f2cdf2a977f9e37954ea.layout-1 {\n  grid-template-columns: 32px minmax(0,1fr);\n  grid-column-gap: 10px;\n}\n.icon-with-text-shortcode.icon-text-id-4832979b4d86f2cdf2a977f9e37954ea.layout-2 {\n  grid-template-columns: minmax(0,1fr) 32px;\n  grid-column-gap: 0px;\n}\n.icon-with-text-shortcode.icon-text-id-4832979b4d86f2cdf2a977f9e37954ea.layout-2 .text-icon {\n  margin-left: 0;\n}\n.icon-with-text-shortcode.icon-text-id-4832979b4d86f2cdf2a977f9e37954ea.layout-3 {\n  grid-template-columns: 32px minmax(0,1fr);\n}\n.icon-with-text-shortcode.icon-text-id-4832979b4d86f2cdf2a977f9e37954ea.layout-3 .dt-text-title {\n  margin-left: 10px;\n}\n.icon-with-text-shortcode.icon-text-id-4832979b4d86f2cdf2a977f9e37954ea .dt-text-title {\n  margin-bottom: 10px;\n}\n.icon-with-text-shortcode.icon-text-id-4832979b4d86f2cdf2a977f9e37954ea .dt-text-desc {\n  margin-bottom: 0px;\n  font-size: 16px;\n  line-height: 28px;\n}<\/style><div class=\"icon-with-text-shortcode  icon-text-id-4832979b4d86f2cdf2a977f9e37954ea layout-3  vc_custom_1771260891775 \" ><span   class=\"text-icon dt-icon-bg-off dt-icon-hover-off\" ><span class=\"icon-inner\"><i class=\"dt-regular-icon soc-icon icomoon-the7-font-the7-phone-04\"><\/i><i class=\"dt-hover-icon soc-icon icomoon-the7-font-the7-phone-04\"><\/i><\/span><\/span><h3 class=\"dt-text-title\"  >Call us<\/h3><div class=\"dt-text-desc\">+216 98 346 080<br \/>\n+ 33 689 159 104<\/div><\/div><\/div><\/div><\/div><div class=\"wpb_column vc_column_container vc_col-sm-6 vc_col-lg-4 vc_col-md-4\"><div class=\"vc_column-inner\"><div class=\"wpb_wrapper\"><style type=\"text\/css\" data-type=\"the7_shortcodes-inline-css\">.icon-with-text-shortcode.icon-text-id-74337f9cc3e6cd445c6618475cba4cf5 .text-icon {\n  width: 32px;\n  height: 32px;\n  line-height: 32px;\n  font-size: 32px;\n  border-radius: 0px;\n  margin: 0px 10px 10px 0px;\n}\n.icon-with-text-shortcode.icon-text-id-74337f9cc3e6cd445c6618475cba4cf5 .text-icon .icon-inner {\n  min-width: 32px;\n  min-height: 32px;\n  border-radius: 0px;\n}\n@media all and (-ms-high-contrast: none) {\n  .icon-with-text-shortcode.icon-text-id-74337f9cc3e6cd445c6618475cba4cf5 .text-icon .icon-inner {\n    height: 32px;\n  }\n}\n.icon-with-text-shortcode.icon-text-id-74337f9cc3e6cd445c6618475cba4cf5 .text-icon .dt-hover-icon {\n  line-height: 32px;\n}\n.icon-with-text-shortcode.icon-text-id-74337f9cc3e6cd445c6618475cba4cf5 .text-icon:before,\n.icon-with-text-shortcode.icon-text-id-74337f9cc3e6cd445c6618475cba4cf5 .text-icon:after,\n.icon-with-text-shortcode.icon-text-id-74337f9cc3e6cd445c6618475cba4cf5 .text-icon .icon-inner:before,\n.icon-with-text-shortcode.icon-text-id-74337f9cc3e6cd445c6618475cba4cf5 .text-icon .icon-inner:after {\n  min-width: 100%;\n  min-height: 100%;\n  padding: inherit;\n  border-radius: inherit;\n}\n.icon-with-text-shortcode.icon-text-id-74337f9cc3e6cd445c6618475cba4cf5 .text-icon.dt-icon-border-on:before {\n  border-width: 0px;\n  border-style: solid;\n}\n.dt-icon-border-dashed.icon-with-text-shortcode.icon-text-id-74337f9cc3e6cd445c6618475cba4cf5 .text-icon.dt-icon-border-on:before {\n  border-style: dashed;\n}\n.dt-icon-border-dotted.icon-with-text-shortcode.icon-text-id-74337f9cc3e6cd445c6618475cba4cf5 .text-icon.dt-icon-border-on:before {\n  border-style: dotted;\n}\n.dt-icon-border-double.icon-with-text-shortcode.icon-text-id-74337f9cc3e6cd445c6618475cba4cf5 .text-icon.dt-icon-border-on:before {\n  border-style: double;\n}\n.icon-with-text-shortcode.icon-text-id-74337f9cc3e6cd445c6618475cba4cf5 .text-icon.dt-icon-border-dashed.dt-icon-border-on:before {\n  border-style: dashed;\n}\n.icon-with-text-shortcode.icon-text-id-74337f9cc3e6cd445c6618475cba4cf5 .text-icon.dt-icon-border-dotted.dt-icon-border-on:before {\n  border-style: dotted;\n}\n.icon-with-text-shortcode.icon-text-id-74337f9cc3e6cd445c6618475cba4cf5 .text-icon.dt-icon-border-double.dt-icon-border-on:before {\n  border-style: double;\n}\n.icon-with-text-shortcode.icon-text-id-74337f9cc3e6cd445c6618475cba4cf5 .text-icon.dt-icon-hover-border-on:after {\n  border-width: 0px;\n  border-style: solid;\n}\n.icon-with-text-shortcode.icon-text-id-74337f9cc3e6cd445c6618475cba4cf5 .text-icon.dt-icon-border-dashed.dt-icon-hover-border-on:after {\n  border-style: dashed;\n}\n.icon-with-text-shortcode.icon-text-id-74337f9cc3e6cd445c6618475cba4cf5 .text-icon.dt-icon-border-dotted.dt-icon-hover-border-on:after {\n  border-style: dotted;\n}\n.icon-with-text-shortcode.icon-text-id-74337f9cc3e6cd445c6618475cba4cf5 .text-icon.dt-icon-border-double.dt-icon-hover-border-on:after {\n  border-style: double;\n}\n.icon-with-text-shortcode.icon-text-id-74337f9cc3e6cd445c6618475cba4cf5 .text-icon.dt-icon-hover-on:hover {\n  font-size: 32px;\n}\n#page .icon-with-text-shortcode.icon-text-id-74337f9cc3e6cd445c6618475cba4cf5 .text-icon.dt-icon-hover-on:hover .soc-font-icon,\n#phantom .icon-with-text-shortcode.icon-text-id-74337f9cc3e6cd445c6618475cba4cf5 .text-icon.dt-icon-hover-on:hover .soc-font-icon,\n#page .icon-with-text-shortcode.icon-text-id-74337f9cc3e6cd445c6618475cba4cf5 .text-icon.dt-icon-hover-on:hover .soc-icon,\n#phantom .icon-with-text-shortcode.icon-text-id-74337f9cc3e6cd445c6618475cba4cf5 .text-icon.dt-icon-hover-on:hover .soc-icon {\n  color: #fff;\n  background: none;\n}\n.icon-with-text-shortcode.icon-text-id-74337f9cc3e6cd445c6618475cba4cf5.layout-1 {\n  grid-template-columns: 32px minmax(0,1fr);\n  grid-column-gap: 10px;\n}\n.icon-with-text-shortcode.icon-text-id-74337f9cc3e6cd445c6618475cba4cf5.layout-2 {\n  grid-template-columns: minmax(0,1fr) 32px;\n  grid-column-gap: 0px;\n}\n.icon-with-text-shortcode.icon-text-id-74337f9cc3e6cd445c6618475cba4cf5.layout-2 .text-icon {\n  margin-left: 0;\n}\n.icon-with-text-shortcode.icon-text-id-74337f9cc3e6cd445c6618475cba4cf5.layout-3 {\n  grid-template-columns: 32px minmax(0,1fr);\n}\n.icon-with-text-shortcode.icon-text-id-74337f9cc3e6cd445c6618475cba4cf5.layout-3 .dt-text-title {\n  margin-left: 10px;\n}\n.icon-with-text-shortcode.icon-text-id-74337f9cc3e6cd445c6618475cba4cf5 .dt-text-title {\n  margin-bottom: 10px;\n}\n.icon-with-text-shortcode.icon-text-id-74337f9cc3e6cd445c6618475cba4cf5 .dt-text-desc {\n  margin-bottom: 0px;\n  font-size: 16px;\n  line-height: 28px;\n}<\/style><div class=\"icon-with-text-shortcode  icon-text-id-74337f9cc3e6cd445c6618475cba4cf5 layout-3  vc_custom_1771260762531 \" ><span   class=\"text-icon dt-icon-bg-off dt-icon-hover-off\" ><span class=\"icon-inner\"><i class=\"dt-regular-icon soc-icon icomoon-the7-font-the7-mail-08\"><\/i><i class=\"dt-hover-icon soc-icon icomoon-the7-font-the7-mail-08\"><\/i><\/span><\/span><h3 class=\"dt-text-title\"  >Email<\/h3><div class=\"dt-text-desc\">sofiane.charfi@sorescolab.com<\/div><\/div><\/div><\/div><\/div><\/div><div class=\"vc_row wpb_row vc_row-fluid vc_custom_1579193910518\"><div class=\"wpb_column vc_column_container vc_col-sm-6\"><div class=\"vc_column-inner vc_custom_1573325025809\"><div class=\"wpb_wrapper\"><div id=\"ultimate-heading-606169d55216e2963\" class=\"uvc-heading ult-adjust-bottom-margin ultimate-heading-606169d55216e2963 uvc-766 accent-border-color accent-title-color\" data-hspacer=\"line_only\"  data-halign=\"center\" style=\"text-align:center\"><div class=\"uvc-main-heading ult-responsive\"  data-ultimate-target='.uvc-heading.ultimate-heading-606169d55216e2963 h2'  data-responsive-json-new='{\"font-size\":\"desktop:30px;\",\"line-height\":\"desktop:40px;\"}' ><h2 style=\"font-weight:normal;margin-bottom:10px;\">Comment nous trouver<\/h2><\/div><div class=\"uvc-heading-spacer line_only\" style=\"margin-bottom:60px;height:3px;\"><span class=\"uvc-headings-line\" style=\"border-style:solid;border-bottom-width:3px;border-color:;width:150px;\"><\/span><\/div><\/div><div class='ult_hotspot_container ult-adjust-bottom-margin ult-hotspot-tooltip-wrapper ' style=>  <img class='ult_hotspot_image' src=https:\/\/sorescolab.com\/wp-content\/uploads\/2025\/11\/Screenshot-2025-11-23-144919.png alt='null'\/>     <div class='utl-hotspot-items ult-hotspot-item'><div class='ult-hotspot-item  ' style='top:-webkit-calc(40.100650109685375% - 16px);top:-moz-calc(40.100650109685375% - 16px);top:calc(40.100650109685375% - 16px);left: -webkit-calc(46.52265139477585% - 16px);left: -moz-calc(46.52265139477585% - 16px);left: calc(46.52265139477585% - 16px);' >  <div style='z-index: 39;position: relative;'>   <a data-link_style='simple' class='ult-tooltipstered ult-hotspot-tooltip' href=\"https:\/\/www.google.com\/maps\/place\/Laboratoire+Pharaon\/@36.767736,10.2382651,17z\/data=!4m14!1m7!3m6!1s0x12fd360a5c707abb:0x73444faf66cfc1e3!2sLaboratoire+Pharaon!8m2!3d36.767736!4d10.2408454!16s%2Fg%2F11f4qlf3zf!3m5!1s0x12fd360a5c707abb:0x73444faf66cfc1e3!8m2!3d36.767736!4d10.2408454!16s%2Fg%2F11f4qlf3zf?entry=ttu&g_ep=EgoyMDI1MTExNy4wIKXMDSoASAFQAw%3D%3D\" target=\"_blank\" rel=\"noopener\"  data-status='hide'><div class=\"ult-just-icon-wrapper  \"><div class=\"align-icon\" style=\"text-align:center;\">\n<div class=\"aio-icon  \"  style=\"color:#2fcfde;font-size:32px;display:inline-block;\">\n\t<i class=\"fas fa-map-pin\"><\/i>\n<\/div><\/div><\/div>  <\/a> <\/div><!-- ICON WRAP --> <div class='ult-glow' style=background-color:rgba(47,207,222,0.3);><\/div><\/div>\n<\/div>     <div style='color:#000;' data-image='    '><\/div><\/div>\n\t<div class=\"wpb_text_column wpb_content_element \" >\n\t\t<div class=\"wpb_wrapper\">\n\t\t\t<p data-start=\"193\" data-end=\"345\"><strong data-start=\"193\" data-end=\"345\">Nous sommes \u00e0 votre disposition pour toute question concernant nos produits ou nos services. N\u2019h\u00e9sitez pas \u00e0 nous rendre visite ou \u00e0 nous contacter.<\/strong><\/p>\n\n\t\t<\/div>\n\t<\/div>\n<\/div><\/div><\/div><div class=\"wpb_column vc_column_container vc_col-sm-6\"><div class=\"vc_column-inner vc_custom_1573324585052\"><div class=\"wpb_wrapper\"><div id=\"ultimate-heading-378569d55216e303a\" class=\"uvc-heading ult-adjust-bottom-margin ultimate-heading-378569d55216e303a uvc-7735 accent-border-color accent-title-color\" data-hspacer=\"line_only\"  data-halign=\"center\" style=\"text-align:center\"><div class=\"uvc-main-heading ult-responsive\"  data-ultimate-target='.uvc-heading.ultimate-heading-378569d55216e303a h2'  data-responsive-json-new='{\"font-size\":\"desktop:30px;\",\"line-height\":\"desktop:40px;\"}' ><h2 style=\"font-weight:normal;margin-bottom:10px;\">Contactez-nous !<\/h2><\/div><div class=\"uvc-heading-spacer line_only\" style=\"margin-bottom:60px;height:3px;\"><span class=\"uvc-headings-line\" style=\"border-style:solid;border-bottom-width:3px;border-color:;width:150px;\"><\/span><\/div><\/div><form class=\"dt-contact-form dt-form privacy-form\" method=\"post\"><input type=\"hidden\" name=\"widget_id\" value=\"presscore-contact-form-widget--1\" \/><input type=\"hidden\" name=\"send_message\" value=\"\" \/><input type=\"hidden\" name=\"security_token\" value=\"e4924fffc2b39a52fb5c\"\/><div class=\"form-fields\"><span class=\"form-name\"><label class=\"assistive-text\">Name *<\/label><input type=\"text\" class=\"validate[required]\" placeholder=\"Name *\" name=\"name\" value=\"\" aria-required=\"true\">\n<\/span><span class=\"form-mail\"><label class=\"assistive-text\">E-mail *<\/label><input type=\"text\" class=\"validate[required,custom[email]]\" placeholder=\"E-mail *\" name=\"email\" value=\"\" aria-required=\"true\">\n<\/span><span class=\"form-telephone\"><label class=\"assistive-text\">Telephone<\/label><input type=\"text\" placeholder=\"Telephone\" name=\"telephone\" value=\"\" aria-required=\"false\">\n<\/span><\/div><span class=\"form-message\"><label class=\"assistive-text\">Message<\/label><textarea placeholder=\"Message\" name=\"message\" rows=\"7\" aria-required=\"false\"><\/textarea>\n<\/span><p class=\"the7-form-terms-wrap\"><input type=\"checkbox\" id=\"the7-form-terms-e6cb2a3c14431b55aa50c06529eaa21b\" name=\"terms\" class=\"validate[required] the7-form-terms\" aria-required=\"true\" \/>&nbsp;<label for=\"the7-form-terms-e6cb2a3c14431b55aa50c06529eaa21b\"><span class=\"form-terms-text\">En utilisant ce formulaire, vous acceptez que vos donn\u00e9es soient stock\u00e9es et trait\u00e9es par ce site web.<\/span><\/label><\/p><p><a href=\"#\" class=\"dt-btn dt-btn-m dt-btn-submit\" rel=\"nofollow\"><span>Send message<\/span><\/a><input class=\"assistive-text\" type=\"submit\" value=\"submit\"><\/p><\/form>\n<\/div><\/div><\/div><\/div>\n<\/div>","protected":false},"excerpt":{"rendered":"<p>AddressSidi Rezig, M\u00e9grine 2033 Ben Arous, TunisieCall us+216 98 346 080 + 33 689 159 104Emailsofiane.charfi@sorescolab.comComment nous trouver Nous sommes \u00e0 votre disposition pour toute question concernant nos produits ou nos services. N\u2019h\u00e9sitez pas \u00e0 nous rendre visite ou \u00e0 nous contacter. Contactez-nous !<\/p>","protected":false},"author":1,"featured_media":0,"parent":0,"menu_order":70,"comment_status":"closed","ping_status":"closed","template":"","meta":{"footnotes":""},"class_list":["post-1080","page","type-page","status-publish","hentry","description-off"],"jetpack_sharing_enabled":true,"_links":{"self":[{"href":"https:\/\/sorescolab.com\/en\/wp-json\/wp\/v2\/pages\/1080","targetHints":{"allow":["GET"]}}],"collection":[{"href":"https:\/\/sorescolab.com\/en\/wp-json\/wp\/v2\/pages"}],"about":[{"href":"https:\/\/sorescolab.com\/en\/wp-json\/wp\/v2\/types\/page"}],"author":[{"embeddable":true,"href":"https:\/\/sorescolab.com\/en\/wp-json\/wp\/v2\/users\/1"}],"replies":[{"embeddable":true,"href":"https:\/\/sorescolab.com\/en\/wp-json\/wp\/v2\/comments?post=1080"}],"version-history":[{"count":8,"href":"https:\/\/sorescolab.com\/en\/wp-json\/wp\/v2\/pages\/1080\/revisions"}],"predecessor-version":[{"id":2551,"href":"https:\/\/sorescolab.com\/en\/wp-json\/wp\/v2\/pages\/1080\/revisions\/2551"}],"wp:attachment":[{"href":"https:\/\/sorescolab.com\/en\/wp-json\/wp\/v2\/media?parent=1080"}],"curies":[{"name":"wp","href":"https:\/\/api.w.org\/{rel}","templated":true}]}}