{"id":2167,"date":"2025-11-29T15:09:58","date_gmt":"2025-11-29T15:09:58","guid":{"rendered":"https:\/\/sorescolab.com\/?page_id=2167"},"modified":"2026-02-06T22:59:19","modified_gmt":"2026-02-06T22:59:19","slug":"massage-therapeutique-rituel-spa-dexception","status":"publish","type":"page","link":"https:\/\/sorescolab.com\/en\/applications\/massage-therapeutique-rituel-spa-dexception\/","title":{"rendered":"Massage th\u00e9rapeutique \u2013 Rituel spa d\u2019exception"},"content":{"rendered":"<div class=\"wpb-content-wrapper\"><div class=\"vc_row wpb_row vc_row-fluid vc_custom_1516810768192 vc_row-o-content-top vc_row-flex\"><div class=\"wpb_column vc_column_container vc_col-sm-12 vc_col-lg-6 vc_col-md-6\"><div class=\"vc_column-inner vc_custom_1516810980933\"><div class=\"wpb_wrapper\"><div id=\"ultimate-heading-758769d551fa3177b\" class=\"uvc-heading ult-adjust-bottom-margin ultimate-heading-758769d551fa3177b uvc-8831\" data-hspacer=\"no_spacer\"  data-halign=\"left\" style=\"text-align:left\"><div class=\"uvc-heading-spacer no_spacer\" style=\"top\"><\/div><div class=\"uvc-main-heading ult-responsive\"  data-ultimate-target='.uvc-heading.ultimate-heading-758769d551fa3177b h2'  data-responsive-json-new='{\"font-size\":\"desktop:24px;\",\"line-height\":\"desktop:34px;\"}' ><h2 style=\"font-weight:normal;margin-bottom:20px;\">Massage th\u00e9rapeutique \u2013 Rituel spa d\u2019exception<\/h2><\/div><\/div>\n\t<div class=\"wpb_text_column wpb_content_element  vc_custom_1769260698600\" >\n\t\t<div class=\"wpb_wrapper\">\n\t\t\t<p><span style=\"font-weight: 400;\">V\u00e9ritable invitation \u00e0 la d\u00e9tente, le massage th\u00e9rapeutique devient un rituel de bien\u2011\u00eatre profond lorsqu\u2019il est associ\u00e9 \u00e0 l\u2019huile d\u2019olive hyper\u2011oxyg\u00e9n\u00e9e SORESCO.<\/span><span style=\"font-weight: 400;\"><br \/>\n<\/span><span style=\"font-weight: 400;\">Gr\u00e2ce \u00e0 des gestes enveloppants et pr\u00e9cis, il lib\u00e8re les tensions, apaise le corps et procure une sensation imm\u00e9diate de rel\u00e2chement et d\u2019harmonie.<\/span><\/p>\n<p><span style=\"font-weight: 400;\">La texture soyeuse de l\u2019huile glisse d\u00e9licatement sur la peau, nourrissant intens\u00e9ment l\u2019\u00e9piderme tout en sublimant l\u2019exp\u00e9rience sensorielle. Chaque s\u00e9ance se transforme en un moment suspendu, o\u00f9 le corps retrouve l\u00e9g\u00e8ret\u00e9, confort et \u00e9quilibre.<\/span><\/p>\n\n\t\t<\/div>\n\t<\/div>\n<\/div><\/div><\/div><div class=\"wpb_column vc_column_container vc_col-sm-12 vc_col-lg-6 vc_col-md-6\"><div class=\"vc_column-inner vc_custom_1516810989200\"><div class=\"wpb_wrapper\"><style type=\"text\/css\" data-type=\"the7_shortcodes-inline-css\">.shortcode-single-image-wrap.shortcode-single-image-44996ba4c9b90e31b5943466ee93c971.enable-bg-rollover .rollover i,\n.shortcode-single-image-wrap.shortcode-single-image-44996ba4c9b90e31b5943466ee93c971.enable-bg-rollover .rollover-video i {\n  background: -webkit-linear-gradient();\n  background: linear-gradient();\n}\n.shortcode-single-image-wrap.shortcode-single-image-44996ba4c9b90e31b5943466ee93c971 .rollover-icon {\n  font-size: 32px;\n  color: #ffffff;\n  min-width: 44px;\n  min-height: 44px;\n  line-height: 44px;\n  border-radius: 100px;\n  border-style: solid;\n  border-width: 0px;\n}\n.dt-icon-bg-on.shortcode-single-image-wrap.shortcode-single-image-44996ba4c9b90e31b5943466ee93c971 .rollover-icon {\n  background: rgba(255,255,255,0.3);\n  box-shadow: none;\n}<\/style><div class=\"shortcode-single-image-wrap shortcode-single-image-44996ba4c9b90e31b5943466ee93c971 alignnone  enable-bg-rollover dt-icon-bg-off\" style=\"margin-top:0px; margin-bottom:0px; margin-left:0px; margin-right:0px; width:800px;\"><div class=\"shortcode-single-image\"><div class=\"fancy-media-wrap  layzr-bg\" style=\"\"><img fetchpriority=\"high\" decoding=\"async\" class=\"preload-me lazy-load aspect\" src=\"data:image\/svg+xml,%3Csvg%20xmlns%3D&#39;http%3A%2F%2Fwww.w3.org%2F2000%2Fsvg&#39;%20viewBox%3D&#39;0%200%20800%20500&#39;%2F%3E\" data-src=\"https:\/\/sorescolab.com\/wp-content\/uploads\/2026\/02\/Massage-Therapeutique-Toucher-800x500.webp\" data-srcset=\"https:\/\/sorescolab.com\/wp-content\/uploads\/2026\/02\/Massage-Therapeutique-Toucher-800x500.webp 800w, https:\/\/sorescolab.com\/wp-content\/uploads\/2026\/02\/Massage-Therapeutique-Toucher-1361x851.webp 1361w\" loading=\"eager\" sizes=\"(max-width: 800px) 100vw, 800px\" width=\"800\" height=\"500\"  data-dt-location=\"https:\/\/sorescolab.com\/en\/applications\/massage-therapeutique-rituel-spa-dexception\/massage-therapeutique-toucher\/\" style=\"--ratio: 800 \/ 500;\" alt=\"\" \/><\/div><\/div><\/div><\/div><\/div><\/div><\/div>\n<\/div>","protected":false},"excerpt":{"rendered":"<p>Massage th\u00e9rapeutique \u2013 Rituel spa d\u2019exception V\u00e9ritable invitation \u00e0 la d\u00e9tente, le massage th\u00e9rapeutique devient un rituel de bien\u2011\u00eatre profond lorsqu\u2019il est associ\u00e9 \u00e0 l\u2019huile d\u2019olive hyper\u2011oxyg\u00e9n\u00e9e SORESCO. Gr\u00e2ce \u00e0 des gestes enveloppants et pr\u00e9cis, il lib\u00e8re les tensions, apaise le corps et procure une sensation imm\u00e9diate de rel\u00e2chement et d\u2019harmonie. La texture soyeuse de&hellip;<\/p>","protected":false},"author":1,"featured_media":0,"parent":1072,"menu_order":0,"comment_status":"closed","ping_status":"closed","template":"","meta":{"footnotes":""},"class_list":["post-2167","page","type-page","status-publish","hentry","description-off"],"jetpack_sharing_enabled":true,"_links":{"self":[{"href":"https:\/\/sorescolab.com\/en\/wp-json\/wp\/v2\/pages\/2167","targetHints":{"allow":["GET"]}}],"collection":[{"href":"https:\/\/sorescolab.com\/en\/wp-json\/wp\/v2\/pages"}],"about":[{"href":"https:\/\/sorescolab.com\/en\/wp-json\/wp\/v2\/types\/page"}],"author":[{"embeddable":true,"href":"https:\/\/sorescolab.com\/en\/wp-json\/wp\/v2\/users\/1"}],"replies":[{"embeddable":true,"href":"https:\/\/sorescolab.com\/en\/wp-json\/wp\/v2\/comments?post=2167"}],"version-history":[{"count":6,"href":"https:\/\/sorescolab.com\/en\/wp-json\/wp\/v2\/pages\/2167\/revisions"}],"predecessor-version":[{"id":2514,"href":"https:\/\/sorescolab.com\/en\/wp-json\/wp\/v2\/pages\/2167\/revisions\/2514"}],"up":[{"embeddable":true,"href":"https:\/\/sorescolab.com\/en\/wp-json\/wp\/v2\/pages\/1072"}],"wp:attachment":[{"href":"https:\/\/sorescolab.com\/en\/wp-json\/wp\/v2\/media?parent=2167"}],"curies":[{"name":"wp","href":"https:\/\/api.w.org\/{rel}","templated":true}]}}