{"id":2171,"date":"2025-11-29T15:09:10","date_gmt":"2025-11-29T15:09:10","guid":{"rendered":"https:\/\/sorescolab.com\/?page_id=2171"},"modified":"2026-02-16T16:45:25","modified_gmt":"2026-02-16T16:45:25","slug":"soin-des-pieds-nourrissant-reparateur","status":"publish","type":"page","link":"https:\/\/sorescolab.com\/en\/applications\/soin-des-pieds-nourrissant-reparateur\/","title":{"rendered":"Soin des pieds nourrissant &#038; r\u00e9parateur"},"content":{"rendered":"<div class=\"wpb-content-wrapper\"><div class=\"vc_row wpb_row vc_row-fluid vc_custom_1769260829062 vc_row-o-content-middle vc_row-flex\"><div class=\"wpb_column vc_column_container vc_col-sm-12 vc_col-lg-6 vc_col-md-6\"><div class=\"vc_column-inner vc_custom_1516810980933\"><div class=\"wpb_wrapper\"><div id=\"ultimate-heading-572769d551fa3106b\" class=\"uvc-heading ult-adjust-bottom-margin ultimate-heading-572769d551fa3106b uvc-3258\" data-hspacer=\"no_spacer\"  data-halign=\"left\" style=\"text-align:left\"><div class=\"uvc-heading-spacer no_spacer\" style=\"top\"><\/div><div class=\"uvc-main-heading ult-responsive\"  data-ultimate-target='.uvc-heading.ultimate-heading-572769d551fa3106b h2'  data-responsive-json-new='{\"font-size\":\"desktop:24px;\",\"line-height\":\"desktop:34px;\"}' ><h2 style=\"font-weight:normal;margin-bottom:20px;\">Soin des pieds nourrissant &amp; r\u00e9parateur<\/h2><\/div><\/div>\n\t<div class=\"wpb_text_column wpb_content_element  vc_custom_1769260765490\" >\n\t\t<div class=\"wpb_wrapper\">\n\t\t\t<p><span style=\"font-weight: 400;\">Con\u00e7u pour les pieds secs, fatigu\u00e9s ou sensibilis\u00e9s, ce soin expert associe l\u2019huile d\u2019olive hyper\u2011oxyg\u00e9n\u00e9e SORESCO \u00e0 un massage enveloppant pour nourrir intens\u00e9ment, apaiser et restaurer le confort cutan\u00e9.<\/span><span style=\"font-weight: 400;\"><br \/>\n<\/span><span style=\"font-weight: 400;\">Sa texture riche et soyeuse aide \u00e0 adoucir les zones rugueuses, \u00e0 r\u00e9conforter la peau fragilis\u00e9e et \u00e0 redonner souplesse et douceur aux pieds sollicit\u00e9s.<\/span><\/p>\n<p><span style=\"font-weight: 400;\">Id\u00e9al apr\u00e8s une journ\u00e9e intense ou en rituel r\u00e9gulier, ce soin laisse les pieds lisses, l\u00e9gers et profond\u00e9ment revitalis\u00e9s, pour une sensation durable de bien\u2011\u00eatre.<\/span><\/p>\n\n\t\t<\/div>\n\t<\/div>\n<\/div><\/div><\/div><div class=\"wpb_column vc_column_container vc_col-sm-12 vc_col-lg-6 vc_col-md-6\"><div class=\"vc_column-inner vc_custom_1516810989200\"><div class=\"wpb_wrapper\"><style type=\"text\/css\" data-type=\"the7_shortcodes-inline-css\">.shortcode-single-image-wrap.shortcode-single-image-795229353ea283ef113af3282dc3e40f.enable-bg-rollover .rollover i,\n.shortcode-single-image-wrap.shortcode-single-image-795229353ea283ef113af3282dc3e40f.enable-bg-rollover .rollover-video i {\n  background: -webkit-linear-gradient();\n  background: linear-gradient();\n}\n.shortcode-single-image-wrap.shortcode-single-image-795229353ea283ef113af3282dc3e40f .rollover-icon {\n  font-size: 32px;\n  color: #ffffff;\n  min-width: 44px;\n  min-height: 44px;\n  line-height: 44px;\n  border-radius: 100px;\n  border-style: solid;\n  border-width: 0px;\n}\n.dt-icon-bg-on.shortcode-single-image-wrap.shortcode-single-image-795229353ea283ef113af3282dc3e40f .rollover-icon {\n  background: rgba(255,255,255,0.3);\n  box-shadow: none;\n}<\/style><div class=\"shortcode-single-image-wrap shortcode-single-image-795229353ea283ef113af3282dc3e40f alignnone  enable-bg-rollover dt-icon-bg-off\" style=\"margin-top:0px; margin-bottom:0px; margin-left:0px; margin-right:0px; width:800px;\"><div class=\"shortcode-single-image\"><div class=\"fancy-media-wrap  layzr-bg\" style=\"\"><img fetchpriority=\"high\" decoding=\"async\" class=\"preload-me lazy-load aspect\" src=\"data:image\/svg+xml,%3Csvg%20xmlns%3D&#39;http%3A%2F%2Fwww.w3.org%2F2000%2Fsvg&#39;%20viewBox%3D&#39;0%200%20710%20443&#39;%2F%3E\" data-src=\"https:\/\/sorescolab.com\/wp-content\/uploads\/2026\/02\/Untitled-design-15-1-710x443.png\" data-srcset=\"https:\/\/sorescolab.com\/wp-content\/uploads\/2026\/02\/Untitled-design-15-1-710x443.png 710w\" loading=\"eager\" sizes=\"(max-width: 710px) 100vw, 710px\" width=\"710\" height=\"443\"  data-dt-location=\"https:\/\/sorescolab.com\/en\/applications\/soin-des-pieds-nourrissant-reparateur\/untitled-design-15-2\/\" style=\"--ratio: 710 \/ 443;\" alt=\"\" \/><\/div><\/div><\/div><\/div><\/div><\/div><\/div>\n<\/div>","protected":false},"excerpt":{"rendered":"<p>Soin des pieds nourrissant &amp; r\u00e9parateur Con\u00e7u pour les pieds secs, fatigu\u00e9s ou sensibilis\u00e9s, ce soin expert associe l\u2019huile d\u2019olive hyper\u2011oxyg\u00e9n\u00e9e SORESCO \u00e0 un massage enveloppant pour nourrir intens\u00e9ment, apaiser et restaurer le confort cutan\u00e9. Sa texture riche et soyeuse aide \u00e0 adoucir les zones rugueuses, \u00e0 r\u00e9conforter la peau fragilis\u00e9e et \u00e0 redonner souplesse&hellip;<\/p>","protected":false},"author":1,"featured_media":0,"parent":1072,"menu_order":0,"comment_status":"closed","ping_status":"closed","template":"","meta":{"footnotes":""},"class_list":["post-2171","page","type-page","status-publish","hentry","description-off"],"jetpack_sharing_enabled":true,"_links":{"self":[{"href":"https:\/\/sorescolab.com\/en\/wp-json\/wp\/v2\/pages\/2171","targetHints":{"allow":["GET"]}}],"collection":[{"href":"https:\/\/sorescolab.com\/en\/wp-json\/wp\/v2\/pages"}],"about":[{"href":"https:\/\/sorescolab.com\/en\/wp-json\/wp\/v2\/types\/page"}],"author":[{"embeddable":true,"href":"https:\/\/sorescolab.com\/en\/wp-json\/wp\/v2\/users\/1"}],"replies":[{"embeddable":true,"href":"https:\/\/sorescolab.com\/en\/wp-json\/wp\/v2\/comments?post=2171"}],"version-history":[{"count":9,"href":"https:\/\/sorescolab.com\/en\/wp-json\/wp\/v2\/pages\/2171\/revisions"}],"predecessor-version":[{"id":2548,"href":"https:\/\/sorescolab.com\/en\/wp-json\/wp\/v2\/pages\/2171\/revisions\/2548"}],"up":[{"embeddable":true,"href":"https:\/\/sorescolab.com\/en\/wp-json\/wp\/v2\/pages\/1072"}],"wp:attachment":[{"href":"https:\/\/sorescolab.com\/en\/wp-json\/wp\/v2\/media?parent=2171"}],"curies":[{"name":"wp","href":"https:\/\/api.w.org\/{rel}","templated":true}]}}