{"id":2175,"date":"2025-11-29T15:09:58","date_gmt":"2025-11-29T15:09:58","guid":{"rendered":"https:\/\/sorescolab.com\/?page_id=2175"},"modified":"2026-02-06T22:51:52","modified_gmt":"2026-02-06T22:51:52","slug":"soins-experts-bien-etre-cible","status":"publish","type":"page","link":"https:\/\/sorescolab.com\/en\/applications\/soins-experts-bien-etre-cible\/","title":{"rendered":"Soins experts &#038; bien\u2011\u00eatre cibl\u00e9"},"content":{"rendered":"<div class=\"wpb-content-wrapper\"><div class=\"vc_row wpb_row vc_row-fluid vc_custom_1764441672556 vc_row-o-content-middle vc_row-flex\"><div class=\"wpb_column vc_column_container vc_col-sm-12 vc_col-lg-6 vc_col-md-6\"><div class=\"vc_column-inner vc_custom_1516810980933\"><div class=\"wpb_wrapper\"><div id=\"ultimate-heading-274369d550c51291f\" class=\"uvc-heading ult-adjust-bottom-margin ultimate-heading-274369d550c51291f uvc-4594\" data-hspacer=\"no_spacer\"  data-halign=\"left\" style=\"text-align:left\"><div class=\"uvc-heading-spacer no_spacer\" style=\"top\"><\/div><div class=\"uvc-main-heading ult-responsive\"  data-ultimate-target='.uvc-heading.ultimate-heading-274369d550c51291f h2'  data-responsive-json-new='{\"font-size\":\"desktop:24px;\",\"line-height\":\"desktop:34px;\"}' ><h2 style=\"font-weight:normal;margin-bottom:20px;\">Soins experts &amp; bien\u2011\u00eatre cibl\u00e9<\/h2><\/div><\/div>\n\t<div class=\"wpb_text_column wpb_content_element  vc_custom_1769260523066\" >\n\t\t<div class=\"wpb_wrapper\">\n\t\t\t<p><span style=\"font-weight: 400;\">SORESCO a cr\u00e9\u00e9 une huile d\u2019olive hyper\u2011oxyg\u00e9n\u00e9e unique, con\u00e7ue pour revitaliser la peau, apaiser les inconforts et stimuler sa r\u00e9g\u00e9n\u00e9ration naturelle.<\/span><\/p>\n<p><span style=\"font-weight: 400;\">Gr\u00e2ce \u00e0 une diffusion progressive de l\u2019oxyg\u00e8ne au c\u0153ur de la peau, elle accompagne les soins manuels et les moments de r\u00e9cup\u00e9ration pour une peau plus souple, plus confortable et visiblement renforc\u00e9e.<\/span><\/p>\n\n\t\t<\/div>\n\t<\/div>\n<\/div><\/div><\/div><div class=\"wpb_column vc_column_container vc_col-sm-12 vc_col-lg-6 vc_col-md-6\"><div class=\"vc_column-inner vc_custom_1764441690234\"><div class=\"wpb_wrapper\"><style type=\"text\/css\" data-type=\"the7_shortcodes-inline-css\">.shortcode-single-image-wrap.shortcode-single-image-9b9c392a4a18c0dd30ffde0a3b267ce3.enable-bg-rollover .rollover i,\n.shortcode-single-image-wrap.shortcode-single-image-9b9c392a4a18c0dd30ffde0a3b267ce3.enable-bg-rollover .rollover-video i {\n  background: -webkit-linear-gradient();\n  background: linear-gradient();\n}\n.shortcode-single-image-wrap.shortcode-single-image-9b9c392a4a18c0dd30ffde0a3b267ce3 .rollover-icon {\n  font-size: 32px;\n  color: #ffffff;\n  min-width: 44px;\n  min-height: 44px;\n  line-height: 44px;\n  border-radius: 100px;\n  border-style: solid;\n  border-width: 0px;\n}\n.dt-icon-bg-on.shortcode-single-image-wrap.shortcode-single-image-9b9c392a4a18c0dd30ffde0a3b267ce3 .rollover-icon {\n  background: rgba(255,255,255,0.3);\n  box-shadow: none;\n}<\/style><div class=\"shortcode-single-image-wrap shortcode-single-image-9b9c392a4a18c0dd30ffde0a3b267ce3 alignnone  enable-bg-rollover dt-icon-bg-off\" style=\"margin-top:0px; margin-bottom:0px; margin-left:0px; margin-right:0px;\"><div class=\"shortcode-single-image\"><div class=\"fancy-media-wrap  layzr-bg\" style=\"\"><img fetchpriority=\"high\" decoding=\"async\" class=\"preload-me lazy-load aspect\" src=\"data:image\/svg+xml,%3Csvg%20xmlns%3D&#39;http%3A%2F%2Fwww.w3.org%2F2000%2Fsvg&#39;%20viewBox%3D&#39;0%200%201000%20584&#39;%2F%3E\" data-src=\"https:\/\/sorescolab.com\/wp-content\/uploads\/2026\/02\/olove_tunisia_olive_oil_beauty1_1000x.webp\" data-srcset=\"https:\/\/sorescolab.com\/wp-content\/uploads\/2026\/02\/olove_tunisia_olive_oil_beauty1_1000x.webp 1000w\" loading=\"eager\" sizes=\"(max-width: 1000px) 100vw, 1000px\" width=\"1000\" height=\"584\"  data-dt-location=\"https:\/\/sorescolab.com\/en\/applications\/soins-experts-bien-etre-cible\/olove_tunisia_olive_oil_beauty1_1000x\/\" style=\"--ratio: 1000 \/ 584;\" alt=\"\" \/><\/div><\/div><\/div><\/div><\/div><\/div><\/div><div data-vc-full-width=\"true\" data-vc-full-width-temp=\"true\" data-vc-full-width-init=\"false\" class=\"vc_row wpb_row vc_row-fluid vc_custom_1579184558771 vc_row-has-fill\"><div class=\"wpb_column vc_column_container vc_col-sm-12 vc_col-lg-offset-2 vc_col-lg-8 vc_col-md-offset-1 vc_col-md-10 vc_col-sm-offset-0\"><div class=\"vc_column-inner vc_custom_1579256146963\"><div class=\"wpb_wrapper\"><div id=\"ultimate-heading-570969d550c513a50\" class=\"uvc-heading ult-adjust-bottom-margin ultimate-heading-570969d550c513a50 uvc-9315 accent-border-color accent-title-color\" data-hspacer=\"line_only\"  data-halign=\"center\" style=\"text-align:center\"><div class=\"uvc-main-heading ult-responsive\"  data-ultimate-target='.uvc-heading.ultimate-heading-570969d550c513a50 h2'  data-responsive-json-new='{\"font-size\":\"desktop:40px;mobile_landscape:30px;\",\"line-height\":\"desktop:50px;mobile_landscape:40px;\"}' ><h2 style=\"font-weight:normal;margin-bottom:15px;\">R\u00e9sultats Compar\u00e9s<\/h2><\/div><div class=\"uvc-heading-spacer line_only\" style=\"topheight:3px;\"><span class=\"uvc-headings-line\" style=\"border-style:solid;border-bottom-width:3px;border-color:;width:150px;\"><\/span><\/div><\/div><\/div><\/div><\/div><div class=\"wpb_column vc_column_container vc_col-sm-12 vc_col-lg-offset-0 vc_col-lg-12 vc_col-md-offset-0 vc_col-md-12 vc_col-sm-offset-0\"><div class=\"vc_column-inner\"><div class=\"wpb_wrapper\"><div class=\"vc_row wpb_row vc_inner vc_row-fluid\"><div class=\"wpb_column vc_column_container vc_col-sm-6\"><div class=\"vc_column-inner vc_custom_1515153800757\"><div class=\"wpb_wrapper\"><div class=\"twentytwenty-container\" data-orientation=\"horizontal\" data-offset=\"0.5\"><img loading=\"lazy\" decoding=\"async\" class=\"preload-me\" src=\"https:\/\/sorescolab.com\/wp-content\/uploads\/2025\/11\/Untitled-design-6.png\" width=\"600\" height=\"400\"  title=\"\" alt=\"\"><img loading=\"lazy\" decoding=\"async\" class=\"preload-me\" src=\"https:\/\/sorescolab.com\/wp-content\/uploads\/2025\/11\/Untitled-design-5.png\" width=\"600\" height=\"400\"  title=\"\" alt=\"\"><\/div>\n\t<div class=\"wpb_text_column wpb_content_element  vc_custom_1765627438313\" >\n\t\t<div class=\"wpb_wrapper\">\n\t\t\t<p style=\"text-align: left;\">Avant l\u2019application, la peau peut pr\u00e9senter une texture irr\u00e9guli\u00e8re, un manque de souplesse et des signes de d\u00e9shydratation li\u00e9s au temps et aux agressions ext\u00e9rieures.<\/p>\n\n\t\t<\/div>\n\t<\/div>\n<\/div><\/div><\/div><div class=\"wpb_column vc_column_container vc_col-sm-6\"><div class=\"vc_column-inner vc_custom_1515153807214\"><div class=\"wpb_wrapper\"><div class=\"twentytwenty-container\" data-orientation=\"horizontal\" data-offset=\"0.5\"><img loading=\"lazy\" decoding=\"async\" class=\"preload-me\" src=\"https:\/\/sorescolab.com\/wp-content\/uploads\/2025\/11\/Untitled-design-7.png\" width=\"600\" height=\"400\"  title=\"\" alt=\"\"><img loading=\"lazy\" decoding=\"async\" class=\"preload-me\" src=\"https:\/\/sorescolab.com\/wp-content\/uploads\/2025\/11\/Untitled-design-8.png\" width=\"600\" height=\"400\"  title=\"\" alt=\"\"><\/div>\n\t<div class=\"wpb_text_column wpb_content_element  vc_custom_1765627454880\" >\n\t\t<div class=\"wpb_wrapper\">\n\t\t\t<p style=\"text-align: left;\">Apr\u00e8s une application r\u00e9guli\u00e8re, la peau retrouve davantage de confort, une texture plus homog\u00e8ne et un aspect visiblement apais\u00e9.<\/p>\n\n\t\t<\/div>\n\t<\/div>\n<\/div><\/div><\/div><\/div><\/div><\/div><\/div><\/div><div class=\"vc_row-full-width vc_clearfix\"><\/div>\n<\/div>","protected":false},"excerpt":{"rendered":"<p>Soins experts &amp; bien\u2011\u00eatre cibl\u00e9 SORESCO a cr\u00e9\u00e9 une huile d\u2019olive hyper\u2011oxyg\u00e9n\u00e9e unique, con\u00e7ue pour revitaliser la peau, apaiser les inconforts et stimuler sa r\u00e9g\u00e9n\u00e9ration naturelle. Gr\u00e2ce \u00e0 une diffusion progressive de l\u2019oxyg\u00e8ne au c\u0153ur de la peau, elle accompagne les soins manuels et les moments de r\u00e9cup\u00e9ration pour une peau plus souple, plus confortable&hellip;<\/p>","protected":false},"author":1,"featured_media":0,"parent":1072,"menu_order":0,"comment_status":"closed","ping_status":"closed","template":"","meta":{"footnotes":""},"class_list":["post-2175","page","type-page","status-publish","hentry","description-off"],"jetpack_sharing_enabled":true,"_links":{"self":[{"href":"https:\/\/sorescolab.com\/en\/wp-json\/wp\/v2\/pages\/2175","targetHints":{"allow":["GET"]}}],"collection":[{"href":"https:\/\/sorescolab.com\/en\/wp-json\/wp\/v2\/pages"}],"about":[{"href":"https:\/\/sorescolab.com\/en\/wp-json\/wp\/v2\/types\/page"}],"author":[{"embeddable":true,"href":"https:\/\/sorescolab.com\/en\/wp-json\/wp\/v2\/users\/1"}],"replies":[{"embeddable":true,"href":"https:\/\/sorescolab.com\/en\/wp-json\/wp\/v2\/comments?post=2175"}],"version-history":[{"count":19,"href":"https:\/\/sorescolab.com\/en\/wp-json\/wp\/v2\/pages\/2175\/revisions"}],"predecessor-version":[{"id":2505,"href":"https:\/\/sorescolab.com\/en\/wp-json\/wp\/v2\/pages\/2175\/revisions\/2505"}],"up":[{"embeddable":true,"href":"https:\/\/sorescolab.com\/en\/wp-json\/wp\/v2\/pages\/1072"}],"wp:attachment":[{"href":"https:\/\/sorescolab.com\/en\/wp-json\/wp\/v2\/media?parent=2175"}],"curies":[{"name":"wp","href":"https:\/\/api.w.org\/{rel}","templated":true}]}}