{"id":2176,"date":"2025-11-29T15:09:58","date_gmt":"2025-11-29T15:09:58","guid":{"rendered":"https:\/\/sorescolab.com\/?page_id=2176"},"modified":"2026-01-24T14:06:08","modified_gmt":"2026-01-24T14:06:08","slug":"sport-recuperation","status":"publish","type":"page","link":"https:\/\/sorescolab.com\/en\/applications\/sport-recuperation\/","title":{"rendered":"Sport &#038; r\u00e9cup\u00e9ration"},"content":{"rendered":"<div class=\"wpb-content-wrapper\"><div class=\"vc_row wpb_row vc_row-fluid vc_custom_1769260438312 vc_row-o-content-middle vc_row-flex\"><div class=\"wpb_column vc_column_container vc_col-sm-12 vc_col-lg-6 vc_col-md-6\"><div class=\"vc_column-inner vc_custom_1516810980933\"><div class=\"wpb_wrapper\"><div id=\"ultimate-heading-73069d551b18e405\" class=\"uvc-heading ult-adjust-bottom-margin ultimate-heading-73069d551b18e405 uvc-3513\" data-hspacer=\"no_spacer\"  data-halign=\"left\" style=\"text-align:left\"><div class=\"uvc-heading-spacer no_spacer\" style=\"top\"><\/div><div class=\"uvc-main-heading ult-responsive\"  data-ultimate-target='.uvc-heading.ultimate-heading-73069d551b18e405 h2'  data-responsive-json-new='{\"font-size\":\"desktop:24px;\",\"line-height\":\"desktop:34px;\"}' ><h2 style=\"font-weight:normal;margin-bottom:20px;\">R\u00e9cup\u00e9ration Musculaire Acc\u00e9l\u00e9r\u00e9e<\/h2><\/div><\/div>\n\t<div class=\"wpb_text_column wpb_content_element  vc_custom_1769260406079\" >\n\t\t<div class=\"wpb_wrapper\">\n\t\t\t<p><span style=\"font-weight: 400;\">Adopt\u00e9e comme un geste cl\u00e9 de pr\u00e9paration et de r\u00e9cup\u00e9ration, l\u2019huile d\u2019olive hyperoxyg\u00e9n\u00e9e SORESCO s\u2019inscrit dans le rituel des champions. Avant l\u2019effort, elle accompagne l\u2019\u00e9chauffement en pr\u00e9parant le muscle et en favorisant une sensation de puissance ma\u00eetris\u00e9e et de fluidit\u00e9. Apr\u00e8s la performance, elle devient un moment de r\u00e9cup\u00e9ration privil\u00e9gi\u00e9, aidant \u00e0 rel\u00e2cher les tensions et \u00e0 retrouver \u00e9quilibre et l\u00e9g\u00e8ret\u00e9. Un rituel d\u2019exception, o\u00f9 science, nature et excellence sportive se rencontrent pour accompagner les performances au plus haut niveau.<\/span><\/p>\n\n\t\t<\/div>\n\t<\/div>\n<\/div><\/div><\/div><div class=\"wpb_column vc_column_container vc_col-sm-12 vc_col-lg-6 vc_col-md-6\"><div class=\"vc_column-inner vc_custom_1516810989200\"><div class=\"wpb_wrapper\"><style type=\"text\/css\" data-type=\"the7_shortcodes-inline-css\">.shortcode-single-image-wrap.shortcode-single-image-eaee65b6769bd6e46881b9e8a2bbf6e7.enable-bg-rollover .rollover i,\n.shortcode-single-image-wrap.shortcode-single-image-eaee65b6769bd6e46881b9e8a2bbf6e7.enable-bg-rollover .rollover-video i {\n  background: -webkit-linear-gradient();\n  background: linear-gradient();\n}\n.shortcode-single-image-wrap.shortcode-single-image-eaee65b6769bd6e46881b9e8a2bbf6e7 .rollover-icon {\n  font-size: 32px;\n  color: #ffffff;\n  min-width: 44px;\n  min-height: 44px;\n  line-height: 44px;\n  border-radius: 100px;\n  border-style: solid;\n  border-width: 0px;\n}\n.dt-icon-bg-on.shortcode-single-image-wrap.shortcode-single-image-eaee65b6769bd6e46881b9e8a2bbf6e7 .rollover-icon {\n  background: rgba(255,255,255,0.3);\n  box-shadow: none;\n}<\/style><div class=\"shortcode-single-image-wrap shortcode-single-image-eaee65b6769bd6e46881b9e8a2bbf6e7 alignnone  enable-bg-rollover dt-icon-bg-off\" style=\"margin-top:0px; margin-bottom:0px; margin-left:0px; margin-right:0px;\"><div class=\"shortcode-single-image\"><div class=\"fancy-media-wrap  layzr-bg\" style=\"\"><img fetchpriority=\"high\" decoding=\"async\" class=\"preload-me lazy-load aspect\" src=\"data:image\/svg+xml,%3Csvg%20xmlns%3D&#39;http%3A%2F%2Fwww.w3.org%2F2000%2Fsvg&#39;%20viewBox%3D&#39;0%200%201408%20768&#39;%2F%3E\" data-src=\"https:\/\/sorescolab.com\/wp-content\/uploads\/2026\/01\/Gemini_Generated_Image_o95xpxo95xpxo95x.png\" data-srcset=\"https:\/\/sorescolab.com\/wp-content\/uploads\/2026\/01\/Gemini_Generated_Image_o95xpxo95xpxo95x.png 1408w\" loading=\"eager\" sizes=\"(max-width: 1408px) 100vw, 1408px\" width=\"1408\" height=\"768\"  data-dt-location=\"https:\/\/sorescolab.com\/en\/applications\/sport-recuperation\/gemini_generated_image_o95xpxo95xpxo95x\/\" style=\"--ratio: 1408 \/ 768;\" alt=\"\" \/><\/div><\/div><\/div><\/div><\/div><\/div><\/div>\n<\/div>","protected":false},"excerpt":{"rendered":"<p>R\u00e9cup\u00e9ration Musculaire Acc\u00e9l\u00e9r\u00e9e Adopt\u00e9e comme un geste cl\u00e9 de pr\u00e9paration et de r\u00e9cup\u00e9ration, l\u2019huile d\u2019olive hyperoxyg\u00e9n\u00e9e SORESCO s\u2019inscrit dans le rituel des champions. Avant l\u2019effort, elle accompagne l\u2019\u00e9chauffement en pr\u00e9parant le muscle et en favorisant une sensation de puissance ma\u00eetris\u00e9e et de fluidit\u00e9. Apr\u00e8s la performance, elle devient un moment de r\u00e9cup\u00e9ration privil\u00e9gi\u00e9, aidant \u00e0&hellip;<\/p>","protected":false},"author":1,"featured_media":0,"parent":1072,"menu_order":0,"comment_status":"closed","ping_status":"closed","template":"","meta":{"footnotes":""},"class_list":["post-2176","page","type-page","status-publish","hentry","description-off"],"jetpack_sharing_enabled":true,"_links":{"self":[{"href":"https:\/\/sorescolab.com\/en\/wp-json\/wp\/v2\/pages\/2176","targetHints":{"allow":["GET"]}}],"collection":[{"href":"https:\/\/sorescolab.com\/en\/wp-json\/wp\/v2\/pages"}],"about":[{"href":"https:\/\/sorescolab.com\/en\/wp-json\/wp\/v2\/types\/page"}],"author":[{"embeddable":true,"href":"https:\/\/sorescolab.com\/en\/wp-json\/wp\/v2\/users\/1"}],"replies":[{"embeddable":true,"href":"https:\/\/sorescolab.com\/en\/wp-json\/wp\/v2\/comments?post=2176"}],"version-history":[{"count":9,"href":"https:\/\/sorescolab.com\/en\/wp-json\/wp\/v2\/pages\/2176\/revisions"}],"predecessor-version":[{"id":2205,"href":"https:\/\/sorescolab.com\/en\/wp-json\/wp\/v2\/pages\/2176\/revisions\/2205"}],"up":[{"embeddable":true,"href":"https:\/\/sorescolab.com\/en\/wp-json\/wp\/v2\/pages\/1072"}],"wp:attachment":[{"href":"https:\/\/sorescolab.com\/en\/wp-json\/wp\/v2\/media?parent=2176"}],"curies":[{"name":"wp","href":"https:\/\/api.w.org\/{rel}","templated":true}]}}